{"id":180,"date":"2024-08-29T16:00:56","date_gmt":"2024-08-29T16:00:56","guid":{"rendered":"https:\/\/isbpulawy.pl\/?page_id=180"},"modified":"2024-08-29T16:00:56","modified_gmt":"2024-08-29T16:00:56","slug":"standardy-ochrony-maloletnich","status":"publish","type":"page","link":"https:\/\/isbpulawy.pl\/?page_id=180","title":{"rendered":"Standardy ochrony ma\u0142oletnich"},"content":{"rendered":"<p><a href=\"https:\/\/isbpulawy.pl\/wp-content\/uploads\/2024\/08\/Zasady-i-procedury-postepowania-w-sytuacji-krzywdzenia-maloletnich.pdf\">Zasady i procedury post\u0119powania w sytuacji krzywdzenia ma\u0142oletnich<\/a> <a href=\"https:\/\/isbpulawy.pl\/wp-content\/uploads\/2024\/08\/Zalacznik-do-Standardow-ochrony-maloletnich.pdf\">Za\u0142\u0105cznik do Standard\u00f3w ochrony ma\u0142oletnich<\/a> <a href=\"https:\/\/isbpulawy.pl\/wp-content\/uploads\/2024\/08\/Integracyjna-Szkola-Branzowa-I-Stopnia-standardy-ochrony-maloletnich.pdf\">Integracyjna Szko\u0142a Branzowa I Stopnia- standardy ochrony ma\u0142oletnich<\/a><\/p>\n","protected":false},"excerpt":{"rendered":"<p>Zasady i procedury post\u0119powania w sytuacji krzywdzenia ma\u0142oletnich Za\u0142\u0105cznik do Standard\u00f3w ochrony ma\u0142oletnich Integracyjna Szko\u0142a Branzowa I Stopnia- standardy ochrony ma\u0142oletnich<\/p>\n","protected":false},"author":1,"featured_media":0,"parent":0,"menu_order":0,"comment_status":"closed","ping_status":"closed","template":"","meta":{"footnotes":""},"_links":{"self":[{"href":"https:\/\/isbpulawy.pl\/index.php?rest_route=\/wp\/v2\/pages\/180"}],"collection":[{"href":"https:\/\/isbpulawy.pl\/index.php?rest_route=\/wp\/v2\/pages"}],"about":[{"href":"https:\/\/isbpulawy.pl\/index.php?rest_route=\/wp\/v2\/types\/page"}],"author":[{"embeddable":true,"href":"https:\/\/isbpulawy.pl\/index.php?rest_route=\/wp\/v2\/users\/1"}],"replies":[{"embeddable":true,"href":"https:\/\/isbpulawy.pl\/index.php?rest_route=%2Fwp%2Fv2%2Fcomments&post=180"}],"version-history":[{"count":1,"href":"https:\/\/isbpulawy.pl\/index.php?rest_route=\/wp\/v2\/pages\/180\/revisions"}],"predecessor-version":[{"id":184,"href":"https:\/\/isbpulawy.pl\/index.php?rest_route=\/wp\/v2\/pages\/180\/revisions\/184"}],"wp:attachment":[{"href":"https:\/\/isbpulawy.pl\/index.php?rest_route=%2Fwp%2Fv2%2Fmedia&parent=180"}],"curies":[{"name":"wp","href":"https:\/\/api.w.org\/{rel}","templated":true}]}}